{"id":784,"date":"2023-10-14T16:32:11","date_gmt":"2023-10-14T14:32:11","guid":{"rendered":"https:\/\/www.lurrama.org\/?page_id=784"},"modified":"2025-10-15T23:29:07","modified_gmt":"2025-10-15T21:29:07","slug":"repas-samedi-8-novembre","status":"publish","type":"page","link":"https:\/\/www.lurrama.org\/index.php\/fr\/repas-samedi-8-novembre\/","title":{"rendered":"REPAS SAMEDI 8 NOVEMBRE"},"content":{"rendered":"\n<p>Pour acheter votre repas, 2 possibilit\u00e9s : <\/p>\n\n\n\n<ul class=\"wp-block-list\">\n<li><em>Par Internet, via Hello Asso, en cliquant sur les boutons correspondants.<\/em> ci-dessous. Une fois le repas achet\u00e9, vous devrez r\u00e9cup\u00e9rer les tickets au point info (rez-de-chauss\u00e9e).<\/li>\n\n\n\n<li>EHLG (Ainhice Mongelos), ELKAR (Baiona)<\/li>\n\n\n\n<li><em>Sur place, au point INFO, \u00e0 c\u00f4t\u00e9 de l&rsquo;entr\u00e9e 2.<\/em><\/li>\n<\/ul>\n\n\n\n<div class=\"wp-block-columns are-vertically-aligned-center is-layout-flex wp-container-core-columns-is-layout-9d6595d7 wp-block-columns-is-layout-flex\">\n<div class=\"wp-block-column is-vertically-aligned-center is-layout-flow wp-block-column-is-layout-flow\">\n<h2 class=\"wp-block-heading has-text-align-center\" style=\"font-style:normal;font-weight:700;text-decoration:underline\">MIDI (13:00)<\/h2>\n<\/div>\n\n\n\n<div class=\"wp-block-column is-vertically-aligned-center is-layout-flow wp-block-column-is-layout-flow\">\n<div class=\"wp-block-buttons is-content-justification-center is-layout-flex wp-container-core-buttons-is-layout-16018d1d wp-block-buttons-is-layout-flex\">\n<div class=\"wp-block-button has-custom-width wp-block-button__width-75 is-style-fill\"><a class=\"wp-block-button__link has-white-color has-text-color has-background has-medium-font-size has-custom-font-size wp-element-button\" href=\"https:\/\/www.helloasso.com\/associations\/euskal-herriko-laborantza-ganbara\/evenements\/repas-midi-8-novembre-larunbateko-bazkaria\" style=\"border-radius:100px;background-color:#bca646\" target=\"_blank\" rel=\"noreferrer noopener\"><b>ACHETER CE REPAS<\/b><\/a><\/div>\n<\/div>\n<\/div>\n<\/div>\n\n\n\n<p class=\"has-text-align-center\" style=\"font-size:27px\"><strong>16\u20ac <\/strong><\/p>\n\n\n\n<div class=\"wp-block-columns is-layout-flex wp-container-core-columns-is-layout-9d6595d7 wp-block-columns-is-layout-flex\">\n<div class=\"wp-block-column is-vertically-aligned-center is-layout-flow wp-block-column-is-layout-flow\"><div class=\"wp-block-image\">\n<figure class=\"aligncenter size-full\"><img loading=\"lazy\" decoding=\"async\" width=\"400\" height=\"266\" src=\"https:\/\/www.lurrama.org\/wp-content\/uploads\/2023\/10\/Repas-Samedi.png\" alt=\"\" class=\"wp-image-990\" srcset=\"https:\/\/www.lurrama.org\/wp-content\/uploads\/2023\/10\/Repas-Samedi.png 400w, https:\/\/www.lurrama.org\/wp-content\/uploads\/2023\/10\/Repas-Samedi-300x200.png 300w\" sizes=\"auto, (max-width: 400px) 100vw, 400px\" \/><\/figure>\n<\/div>\n\n\n<p>Repas pr\u00e9par\u00e9 par le chef du Coll\u00e8ge Irandatz, Mr Garay et son \u00e9quipe<\/p>\n\n\n\n<div style=\"height:20px\" aria-hidden=\"true\" class=\"wp-block-spacer\"><\/div>\n<\/div>\n\n\n\n<div class=\"wp-block-column has-black-background-color has-background is-layout-flow wp-block-column-is-layout-flow\" style=\"flex-basis:3px\"><\/div>\n\n\n\n<div class=\"wp-block-column is-vertically-aligned-center is-layout-flow wp-block-column-is-layout-flow\">\n<p class=\"has-text-align-center\" style=\"font-style:italic;font-weight:400\"><em>Soupe aux l\u00e9gumes de saison<\/em><br>***<br>Saut\u00e9 de mouton et ses l\u00e9gumes de saison<br>Potatoes de pommes de terre grenailles et de potimarron<br>***<br><em>Fromage AOP Ossau Iraty<br><\/em>***<br><em>Fromage blanc bio fermier et coulis de kiwa\u00ef<br><\/em>***<br><em>Vin\u00a0AOP de la cave Iroul\u00e9guy<\/em><br>P<em>ain Herriko Ogia de la Boulangerie Minhondo gagnante du concours de baguette de l\u2019an dernier<\/em><br>***<br><em> Caf\u00e9, Patxaran<\/em><\/p>\n<\/div>\n<\/div>\n\n\n\n<hr class=\"wp-block-separator has-alpha-channel-opacity\"\/>\n\n\n\n<div class=\"wp-block-columns are-vertically-aligned-center is-layout-flex wp-container-core-columns-is-layout-9d6595d7 wp-block-columns-is-layout-flex\">\n<div class=\"wp-block-column is-vertically-aligned-center is-layout-flow wp-block-column-is-layout-flow\">\n<h2 class=\"wp-block-heading has-text-align-center\" style=\"font-style:normal;font-weight:700;text-decoration:underline\">SOIR (21:30)<\/h2>\n<\/div>\n\n\n\n<div class=\"wp-block-column is-vertically-aligned-center is-layout-flow wp-block-column-is-layout-flow\">\n<div class=\"wp-block-buttons is-content-justification-center is-layout-flex wp-container-core-buttons-is-layout-5e6b19ed wp-block-buttons-is-layout-flex\">\n<div class=\"wp-block-button has-custom-width wp-block-button__width-75 is-style-fill\"><a class=\"wp-block-button__link has-white-color has-text-color has-background has-medium-font-size has-custom-font-size wp-element-button\" href=\"https:\/\/www.helloasso.com\/associations\/euskal-herriko-laborantza-ganbara\/evenements\/zikiro-08-novembre-larunbateko-afaria\" style=\"border-radius:100px;background-color:#bca646\" target=\"_blank\" rel=\"noreferrer noopener\"><b>ACHETER CE REPAS<\/b><\/a><\/div>\n<\/div>\n<\/div>\n<\/div>\n\n\n\n<p class=\"has-text-align-center\" style=\"font-size:28px\"><strong>25 \u20ac<\/strong><\/p>\n\n\n\n<div class=\"wp-block-columns is-layout-flex wp-container-core-columns-is-layout-9d6595d7 wp-block-columns-is-layout-flex\">\n<div class=\"wp-block-column is-vertically-aligned-center is-layout-flow wp-block-column-is-layout-flow\">\n<p class=\"has-text-align-center has-medium-font-size\" style=\"font-style:normal;font-weight:700\">Le traditionnel zikiro<\/p>\n\n\n\n<p>Repas pr\u00e9par\u00e9 et servi par les b\u00e9n\u00e9voles de Lurrama.<\/p>\n\n\n<div class=\"wp-block-image\">\n<figure class=\"aligncenter size-full\"><img loading=\"lazy\" decoding=\"async\" width=\"330\" height=\"222\" src=\"https:\/\/www.lurrama.org\/wp-content\/uploads\/2023\/05\/1445275002.png\" alt=\"\" class=\"wp-image-66\" srcset=\"https:\/\/www.lurrama.org\/wp-content\/uploads\/2023\/05\/1445275002.png 330w, https:\/\/www.lurrama.org\/wp-content\/uploads\/2023\/05\/1445275002-300x202.png 300w\" sizes=\"auto, (max-width: 330px) 100vw, 330px\" \/><\/figure>\n<\/div>\n\n\n<p><strong>BAL avec KONTRABANDA<\/strong><\/p>\n<\/div>\n\n\n\n<div class=\"wp-block-column has-black-background-color has-background is-layout-flow wp-block-column-is-layout-flow\" style=\"flex-basis:5px\"><\/div>\n\n\n\n<div class=\"wp-block-column is-vertically-aligned-center is-layout-flow wp-block-column-is-layout-flow\">\n<p class=\"has-text-align-center\"><em>Piperade maison et jambon po\u00eal\u00e9<\/em><br>***<br><em>Gigot de mouton Sasi Ardi\u00a0 grill\u00e9 \u00e0 la plancha et haricots\u00a0 cuisin\u00e9s<br><\/em>***<br><em>Fromage AOP Ossau Iraty<br><\/em>***<br><em>G\u00e2teau basque \u00e0 la cr\u00e8me de chez Minhondo<br><\/em>***<br><em>Vin\u00a0AOP de la cave Iroul\u00e9guy<\/em><br>P<em>ain bio Herriko Ogia<\/em><br>***<br><em>Caf\u00e9, Digestif<\/em><\/p>\n<\/div>\n<\/div>\n","protected":false},"excerpt":{"rendered":"<p>Pour acheter votre repas, 2 possibilit\u00e9s : MIDI (13:00) 16\u20ac Repas pr\u00e9par\u00e9 par le chef du Coll\u00e8ge Irandatz, Mr Garay et son \u00e9quipe Soupe aux l\u00e9gumes de saison***Saut\u00e9 de mouton et ses l\u00e9gumes de saisonPotatoes de pommes de terre grenailles et de potimarron***Fromage AOP Ossau Iraty***Fromage blanc bio fermier et coulis de kiwa\u00ef***Vin\u00a0AOP de la&hellip; <\/p>\n","protected":false},"author":1,"featured_media":0,"parent":0,"menu_order":0,"comment_status":"closed","ping_status":"closed","template":"","meta":{"footnotes":""},"categories":[55],"tags":[],"class_list":["post-784","page","type-page","status-publish","hentry","category-4_repas"],"_links":{"self":[{"href":"https:\/\/www.lurrama.org\/index.php\/wp-json\/wp\/v2\/pages\/784","targetHints":{"allow":["GET"]}}],"collection":[{"href":"https:\/\/www.lurrama.org\/index.php\/wp-json\/wp\/v2\/pages"}],"about":[{"href":"https:\/\/www.lurrama.org\/index.php\/wp-json\/wp\/v2\/types\/page"}],"author":[{"embeddable":true,"href":"https:\/\/www.lurrama.org\/index.php\/wp-json\/wp\/v2\/users\/1"}],"replies":[{"embeddable":true,"href":"https:\/\/www.lurrama.org\/index.php\/wp-json\/wp\/v2\/comments?post=784"}],"version-history":[{"count":20,"href":"https:\/\/www.lurrama.org\/index.php\/wp-json\/wp\/v2\/pages\/784\/revisions"}],"predecessor-version":[{"id":2064,"href":"https:\/\/www.lurrama.org\/index.php\/wp-json\/wp\/v2\/pages\/784\/revisions\/2064"}],"wp:attachment":[{"href":"https:\/\/www.lurrama.org\/index.php\/wp-json\/wp\/v2\/media?parent=784"}],"wp:term":[{"taxonomy":"category","embeddable":true,"href":"https:\/\/www.lurrama.org\/index.php\/wp-json\/wp\/v2\/categories?post=784"},{"taxonomy":"post_tag","embeddable":true,"href":"https:\/\/www.lurrama.org\/index.php\/wp-json\/wp\/v2\/tags?post=784"}],"curies":[{"name":"wp","href":"https:\/\/api.w.org\/{rel}","templated":true}]}}