{"id":45,"date":"2023-05-24T19:17:24","date_gmt":"2023-05-24T17:17:24","guid":{"rendered":"https:\/\/www.lurrama.org\/index.php\/marche\/"},"modified":"2025-10-18T14:32:21","modified_gmt":"2025-10-18T12:32:21","slug":"marche","status":"publish","type":"page","link":"https:\/\/www.lurrama.org\/index.php\/fr\/marche\/","title":{"rendered":"March\u00e9 fermier"},"content":{"rendered":"\n<p>Venez rencontrer les paysan.ne.s des 7 provinces du Pays Basque\u00a0: Gipuzkoa, Lapurdi, Bizkaia, Nafarroa, Araba, Baxe-Nafarroa, Xiberua, remplir votre panier de produits fermiers du Pays Basque. Tous les producteurs sont engag\u00e9s dans des d\u00e9marches de qualit\u00e9\u00a0: AB, AOP, Idoki, BLE,etc &#8230;.<\/p>\n\n\n\n<p>Ouvert tous les jours&nbsp;:<\/p>\n\n\n\n<ul class=\"wp-block-list\">\n<li>vendredi de 9h \u00e0 18h30<\/li>\n\n\n\n<li>samedi de 10h \u00e0 19h30<\/li>\n\n\n\n<li>dimanche de 10h \u00e0 18h<\/li>\n<\/ul>\n\n\n\n<p>Organis\u00e9 avec <a href=\"https:\/\/www.civam.org\/ble-paysbasque-bio\/\">BLE<\/a> et <a href=\"https:\/\/www.producteurs-fermiers-pays-basque.fr\/fr\/\">IDOKI<\/a><\/p>\n\n\n\n<p><\/p>\n\n\n\n<h2 class=\"wp-block-heading\"><strong>Qu\u2019est-ce qu\u2019on trouve au march\u00e9 fermier de Lurrama&nbsp;?<\/strong><\/h2>\n\n\n\n<p><strong>Une grande diversit\u00e9 de produits&nbsp;:<\/strong><\/p>\n\n\n\n<ul class=\"wp-block-list\">\n<li>fromage, produits laitiers frais et glaces<\/li>\n\n\n\n<li>l\u00e9gumes et conserves<\/li>\n\n\n\n<li>miel et produits de la ruche<\/li>\n\n\n\n<li>vin, boissons ferment\u00e9es et liqueurs<\/li>\n\n\n\n<li>charcuterie et viande fraiche<\/li>\n\n\n\n<li>tisanes, sirops de plantes et cosm\u00e9tiques<\/li>\n\n\n\n<li>mais aussi&nbsp;: piment, confitures, pain, \u0153ufs, laine, plants, huile d\u2019olive&#8230;<\/li>\n<\/ul>\n\n\n\n<p><br><strong>Des produits fermiers<\/strong> :<br>Ils sont produits et transform\u00e9s int\u00e9gralement sur la ferme&nbsp;; les producteurs fermiers ma\u00eetrisent toutes les \u00e9tapes de fabrication et sont donc pleinement investis dans la qualit\u00e9 du produit fini.<\/p>\n\n\n\n<p><br><strong>Des produits sous signe de qualit\u00e9<\/strong> :<br>C&rsquo;est la garantie que les producteurs respectent un cahier des charges exigeant pour vous proposer de bons produits, avec des engagements sur l\u2019origine, le bien-\u00eatre animal, le respect de l\u2019environnement, etc.<\/p>\n\n\n\n<figure class=\"wp-block-image size-full\"><img loading=\"lazy\" decoding=\"async\" width=\"882\" height=\"123\" src=\"https:\/\/www.lurrama.org\/wp-content\/uploads\/2024\/10\/merkatua.png\" alt=\"\" class=\"wp-image-1396\" srcset=\"https:\/\/www.lurrama.org\/wp-content\/uploads\/2024\/10\/merkatua.png 882w, https:\/\/www.lurrama.org\/wp-content\/uploads\/2024\/10\/merkatua-300x42.png 300w, https:\/\/www.lurrama.org\/wp-content\/uploads\/2024\/10\/merkatua-768x107.png 768w\" sizes=\"auto, (max-width: 882px) 100vw, 882px\" \/><\/figure>\n\n\n\n<p><br><strong>Et des d\u00e9marches collectives de producteurs<\/strong>&nbsp;:<\/p>\n\n\n\n<figure class=\"wp-block-image size-full\"><img loading=\"lazy\" decoding=\"async\" width=\"398\" height=\"100\" src=\"https:\/\/www.lurrama.org\/wp-content\/uploads\/2024\/10\/ehko.png\" alt=\"\" class=\"wp-image-1397\" srcset=\"https:\/\/www.lurrama.org\/wp-content\/uploads\/2024\/10\/ehko.png 398w, https:\/\/www.lurrama.org\/wp-content\/uploads\/2024\/10\/ehko-300x75.png 300w\" sizes=\"auto, (max-width: 398px) 100vw, 398px\" \/><\/figure>\n\n\n\n<p><\/p>\n","protected":false},"excerpt":{"rendered":"<p>Venez rencontrer les paysan.ne.s des 7 provinces du Pays Basque\u00a0: Gipuzkoa, Lapurdi, Bizkaia, Nafarroa, Araba, Baxe-Nafarroa, Xiberua, remplir votre panier de produits fermiers du Pays Basque. Tous les producteurs sont engag\u00e9s dans des d\u00e9marches de qualit\u00e9\u00a0: AB, AOP, Idoki, BLE,etc &#8230;. Ouvert tous les jours&nbsp;: Organis\u00e9 avec BLE et IDOKI Qu\u2019est-ce qu\u2019on trouve au march\u00e9&hellip; <\/p>\n","protected":false},"author":1,"featured_media":0,"parent":0,"menu_order":0,"comment_status":"closed","ping_status":"closed","template":"","meta":{"footnotes":""},"categories":[61],"tags":[],"class_list":["post-45","page","type-page","status-publish","hentry","category-5_animations"],"_links":{"self":[{"href":"https:\/\/www.lurrama.org\/index.php\/wp-json\/wp\/v2\/pages\/45","targetHints":{"allow":["GET"]}}],"collection":[{"href":"https:\/\/www.lurrama.org\/index.php\/wp-json\/wp\/v2\/pages"}],"about":[{"href":"https:\/\/www.lurrama.org\/index.php\/wp-json\/wp\/v2\/types\/page"}],"author":[{"embeddable":true,"href":"https:\/\/www.lurrama.org\/index.php\/wp-json\/wp\/v2\/users\/1"}],"replies":[{"embeddable":true,"href":"https:\/\/www.lurrama.org\/index.php\/wp-json\/wp\/v2\/comments?post=45"}],"version-history":[{"count":9,"href":"https:\/\/www.lurrama.org\/index.php\/wp-json\/wp\/v2\/pages\/45\/revisions"}],"predecessor-version":[{"id":2178,"href":"https:\/\/www.lurrama.org\/index.php\/wp-json\/wp\/v2\/pages\/45\/revisions\/2178"}],"wp:attachment":[{"href":"https:\/\/www.lurrama.org\/index.php\/wp-json\/wp\/v2\/media?parent=45"}],"wp:term":[{"taxonomy":"category","embeddable":true,"href":"https:\/\/www.lurrama.org\/index.php\/wp-json\/wp\/v2\/categories?post=45"},{"taxonomy":"post_tag","embeddable":true,"href":"https:\/\/www.lurrama.org\/index.php\/wp-json\/wp\/v2\/tags?post=45"}],"curies":[{"name":"wp","href":"https:\/\/api.w.org\/{rel}","templated":true}]}}