{"id":27,"date":"2023-05-24T19:17:17","date_gmt":"2023-05-24T17:17:17","guid":{"rendered":"https:\/\/www.lurrama.org\/index.php\/le-livre-de-recettes-de-lurrama\/"},"modified":"2023-06-01T18:07:02","modified_gmt":"2023-06-01T16:07:02","slug":"le-livre-de-recettes-de-lurrama","status":"publish","type":"page","link":"https:\/\/www.lurrama.org\/index.php\/fr\/le-livre-de-recettes-de-lurrama\/","title":{"rendered":"Le livre de recettes de Lurrama"},"content":{"rendered":"<div class=\"wsite-section-wrap\">\n<div class=\"wsite-section wsite-body-section wsite-background-61 wsite-custom-background\">\n<div class=\"wsite-section-content\">\n<div class=\"container\">\n<div class=\"wsite-section-elements\">\n<h2 class=\"wsite-content-title\">Recettes des chefs de Lurrama !<br \/><\/h2>\n<div class=\"wsite-spacer\" style=\"height:50px;\"><\/div>\n<p><span class=\"imgPusher\" style=\"float:left;height:0px\"><\/span><span style=\"display: table;width:332px;position:relative;float:left;max-width:100%;;clear:left;margin-top:0px;*margin-top:0px\"><a><img decoding=\"async\" src=\"https:\/\/www.lurrama.org\/wp-content\/uploads\/2023\/05\/couv.jpg?322\" style=\"margin-top: 10px; margin-bottom: 10px; margin-left: 0px; margin-right: 10px; border-width:0; max-width:100%\" alt=\"Photo\" class=\"galleryImageBorder wsite-image\"><\/a><span style=\"display: table-caption; caption-side: bottom; font-size: 90%; margin-top: -10px; margin-bottom: 10px; text-align: center;\" class=\"wsite-caption\"><\/span><\/span><\/p>\n<div class=\"paragraph\" style=\"display:block;\">\u00ab La cuisine de Lurrama \u00bb est bien plus qu&rsquo;un livre de de recette !<br \/>&#8211; 25 \u00ab vrais \u00bb produits du terroir en AOP, IGP, Bio ou en d\u00e9marches collectives fermi\u00e8res ou coop\u00e9ratives, issus des fermes du Pays Basque et transform\u00e9s localement.<br \/>&#8211; 25 chefs cuisiniers forts de leurs savoir faire et de leur attachement \u00e0 ces produits, fid\u00e8les de Lurrama, vous proposent 25 recettes.<br \/>Pour le plaisir du bon go\u00fbt du sol \u00e0 l&rsquo;assiette ! A vos fourneaux !<\/p>\n<p><strong>Il est en vente en librairie \u00e0 12 \u20ac<\/strong><\/p>\n<p><strong>pour le recevoir par la poste contactez nous: <\/strong>lurrama[at]orange.fr<\/div>\n<hr style=\"width:100%;clear:both;visibility:hidden;\">\n\t\t\t<\/div>\n<\/p><\/div>\n<\/p><\/div>\n<\/p><\/div>\n<\/div>\n","protected":false},"excerpt":{"rendered":"<p>Recettes des chefs de Lurrama ! \u00ab La cuisine de Lurrama \u00bb est bien plus qu&rsquo;un livre de de recette !&#8211; 25 \u00ab vrais \u00bb produits du terroir en AOP, IGP, Bio ou en d\u00e9marches collectives fermi\u00e8res ou coop\u00e9ratives, issus des fermes du Pays Basque et transform\u00e9s localement.&#8211; 25 chefs cuisiniers forts de leurs savoir&hellip; <\/p>\n","protected":false},"author":1,"featured_media":0,"parent":0,"menu_order":0,"comment_status":"closed","ping_status":"closed","template":"","meta":{"footnotes":""},"categories":[45],"tags":[],"class_list":["post-27","page","type-page","status-publish","hentry","category-1_lurrama_fr"],"_links":{"self":[{"href":"https:\/\/www.lurrama.org\/index.php\/wp-json\/wp\/v2\/pages\/27","targetHints":{"allow":["GET"]}}],"collection":[{"href":"https:\/\/www.lurrama.org\/index.php\/wp-json\/wp\/v2\/pages"}],"about":[{"href":"https:\/\/www.lurrama.org\/index.php\/wp-json\/wp\/v2\/types\/page"}],"author":[{"embeddable":true,"href":"https:\/\/www.lurrama.org\/index.php\/wp-json\/wp\/v2\/users\/1"}],"replies":[{"embeddable":true,"href":"https:\/\/www.lurrama.org\/index.php\/wp-json\/wp\/v2\/comments?post=27"}],"version-history":[{"count":1,"href":"https:\/\/www.lurrama.org\/index.php\/wp-json\/wp\/v2\/pages\/27\/revisions"}],"predecessor-version":[{"id":256,"href":"https:\/\/www.lurrama.org\/index.php\/wp-json\/wp\/v2\/pages\/27\/revisions\/256"}],"wp:attachment":[{"href":"https:\/\/www.lurrama.org\/index.php\/wp-json\/wp\/v2\/media?parent=27"}],"wp:term":[{"taxonomy":"category","embeddable":true,"href":"https:\/\/www.lurrama.org\/index.php\/wp-json\/wp\/v2\/categories?post=27"},{"taxonomy":"post_tag","embeddable":true,"href":"https:\/\/www.lurrama.org\/index.php\/wp-json\/wp\/v2\/tags?post=27"}],"curies":[{"name":"wp","href":"https:\/\/api.w.org\/{rel}","templated":true}]}}