{"id":22,"date":"2023-05-24T19:17:15","date_gmt":"2023-05-24T17:17:15","guid":{"rendered":"https:\/\/www.lurrama.org\/index.php\/infos-pratiques\/"},"modified":"2025-10-22T15:58:39","modified_gmt":"2025-10-22T13:58:39","slug":"infos-pratiques","status":"publish","type":"page","link":"https:\/\/www.lurrama.org\/index.php\/fr\/infos-pratiques\/","title":{"rendered":"Infos pratiques"},"content":{"rendered":"<div class=\"wsite-section-wrap\">\n<div class=\"wsite-section wsite-body-section wsite-background-83 wsite-custom-background\">\n<div class=\"wsite-section-content\">\n<div class=\"container\">\n<div class=\"wsite-section-elements\">\n<div>\n<div class=\"wsite-multicol\">\n<div class=\"wsite-multicol-table-wrap\" style=\"margin: 0 -15px;\">\n<table class=\"wsite-multicol-table\">\n<tbody class=\"wsite-multicol-tbody\">\n<tr class=\"wsite-multicol-tr\">\n<td class=\"wsite-multicol-col\" style=\"width: 50%; padding: 0 15px;\">\n<div class=\"paragraph\" style=\"text-align: left;\"><span style=\"font-weight: 400;\"><span style=\"font-weight: 400;\"><span style=\"font-weight: 400;\"><span style=\"font-weight: 400;\"><span style=\"font-weight: 400;\"><span style=\"font-weight: 400;\"><span style=\"font-weight: 400;\"><span style=\"font-weight: 400;\"><span style=\"font-weight: 400;\"><span style=\"font-weight: 400;\"><span style=\"font-weight: 400;\"><span style=\"font-weight: 400;\"><span style=\"font-weight: 400;\"><span style=\"font-weight: 400;\"><span style=\"font-weight: 400;\"><span style=\"font-weight: 400;\"><span style=\"font-weight: 400;\"><span style=\"font-weight: 400;\"><span style=\"font-weight: 400;\"><span style=\"font-weight: 400;\"><span style=\"font-weight: 400;\"><span style=\"font-weight: 400;\"><span style=\"font-weight: 400;\"><span style=\"font-weight: 400;\"><span style=\"font-weight: 400;\"><span style=\"font-weight: 400;\"><span style=\"font-weight: 400;\"><span style=\"font-weight: 400;\"><span style=\"font-weight: 400;\"><span style=\"color: #4caac9;\"><span style=\"font-size: large;\"><strong>Dates<\/strong><\/span><\/span><br \/>Lurrama 2025 : du vendredi 7 novembre au dimanche 9 novembre<\/span><\/span><\/span><\/span><\/span><\/span><\/span><\/span><\/span><\/span><\/span><\/span><\/span><\/span><\/span><\/span><\/span><\/span><\/span><\/span><\/span><\/span><\/span><\/span><\/span><\/span><\/span><\/span><\/span><\/div>\n<div class=\"paragraph\" style=\"text-align: left;\">\n<p><span style=\"font-size: large;\"><strong><span style=\"color: #4caac9;\">Lieu<\/span><\/strong><\/span><br \/>Halles d&rsquo;Iraty<br \/>Rue Pitchot<br \/>64200 Biarritz<\/p>\n<p><span style=\"color: #00ccff;\">Pr\u00e9vente et prix repas :<\/span><br \/>\u00a0&#8211; <strong>Vendredi midi pr\u00e9par\u00e9 par le Lyc\u00e9e H\u00f4telier de Garazi : 19 \u20ac<br \/>\u00a0&#8211; Vendredi soir, repas r\u00e9gion invit\u00e9e<\/strong>:\u00a0 25\u20ac<br \/><strong>\u00a0&#8211; Samedi midi<\/strong> : 16\u20ac<br \/><strong>\u00a0&#8211; Samedi soir, zikiro :<\/strong> 25\u20ac<br \/>\u00a0&#8211; <strong>Dimanche midi, repas des chefs <\/strong>: 34 \u20ac<\/p>\n<p><span style=\"color: #00ccff;\"><strong>Repas des chefs en vente \u00e0 :\u00a0 <\/strong><\/span><br \/><strong>\u00a0&#8211; Bayonne <\/strong>: Elkar<br \/><strong>\u00a0&#8211; Biarritz <\/strong>: restaurant Maitena<br \/><strong>\u00a0&#8211; Ainiza<\/strong> <strong>Monjolose <\/strong>: Euskal Herriko Laborantza Ganbara<br \/><strong>\u00a0&#8211; B\u00e9hobie\/Pausu <\/strong>: Cidrerie Xaia<\/p>\n<\/div>\n<\/td>\n<td class=\"wsite-multicol-col\" style=\"width: 50%; padding: 0 15px;\">\n<div class=\"paragraph\"><span style=\"color: #626262; font-size: large;\"><strong><span style=\"color: #4caac9;\">Horaires<\/span><\/strong><\/span><br \/>&#8211; Salon de 10h \u00e0 19h<br \/>&#8211; Soir\u00e9es anim\u00e9es jusqu&rsquo;\u00e0 3h<br \/><strong>&#8211; Coin des animaux : attention ce coin ferme \u00e0 18h<\/strong>\n<p><span style=\"color: #626262; font-size: large;\"><strong><span style=\"color: #4caac9;\">Prix<\/span><\/strong><\/span><br \/>&#8211; Entr\u00e9e : 5\u20ac<br \/>=&gt; vendredi de 17h \u00e0 23h<br \/>=&gt; samedi de 10h \u00e0 23h<br \/>=&gt; dimanche de 10h \u00e0 21h<\/p>\n<p>&#8211; Gratuit pour les moins de 15 ans<br \/>&#8211; Parking gratuit<\/p>\n<p><span style=\"color: #626262;\"><span style=\"color: #4caac9;\"><span style=\"font-size: large;\"><strong>Autres<\/strong><\/span> <\/span><br \/>&#8211; Coin nursery<br \/>&#8211; Animaux domestiques non accept\u00e9s<\/span><br \/>\u200b<\/p>\n<\/div>\n<\/td>\n<\/tr>\n<\/tbody>\n<\/table>\n<\/div>\n<\/div>\n<\/div>\n<div class=\"paragraph\">\n<p><strong><span style=\"color: #00ccff;\">Durant les 3 jours et \u00e0 toute heure\u00a0!<\/span><\/strong><br \/>Talo, p\u00e2tisseries, cr\u00eapes, hu\u00eetres, fromages, burgers herriko et frites bio, mets v\u00e9g\u00e9tariens\u2026<\/p>\n<p><span style=\"color: #4caac9; font-size: medium;\"><strong>Verres r\u00e9utilisables<\/strong><\/span><br \/><span style=\"font-size: medium;\">Nous invitons \u00e9galement le public \u00e0 penser \u00e0 se munir de leurs verres r\u00e9utilisables. Nous en aurons bien \u00e9videmment \u00e0 leur disposition, mais nous tenons \u00e0 rappeler que ces verres sont r\u00e9utilisables, et donc pens\u00e9s pour rendre les \u00e9v\u00e9nements plus durables.<\/span><\/p>\n<\/div>\n<div class=\"paragraph\">\n<p><span style=\"color: #4caac9; font-size: medium;\"><strong>Argent<br \/><\/strong><\/span><span style=\"font-size: medium;\">Paiements par CB<\/span><span style=\"font-size: medium;\">, et en Eusko,<\/span><span style=\"font-size: medium;\"> possibles.<\/span><\/p>\n<\/div>\n<h3><span style=\"color: #00ccff;\"><strong><br \/>Pour venir \u00e0 Lurrama<\/strong><\/span><\/h3>\n<div class=\"paragraph\" style=\"text-align: left;\"><span style=\"color: #000000; font-weight: 400;\"><span style=\"font-weight: 400;\"><strong>en voiture:<\/strong><br \/>\u00a0 \u00a0 &#8211; en venant du sud : sortie autoroute N\u00b0 4, La N\u00e9gresse<br \/>\u00a0 \u00a0 &#8211; en venant du nord : sortie autoroute N\u00b0 5, Maignon<\/span><\/span><\/div>\n<div>\u00a0<\/div>\n<div class=\"paragraph\" style=\"text-align: left;\"><span style=\"color: #666666; font-weight: 400;\"><span style=\"color: #999999; font-weight: 400;\"><strong><span style=\"color: #000000;\">en bus :<br \/>\u00a0 \u00a0<\/span><a href=\"https:\/\/www.lurrama.org\/index.php\/fr\/autobus\/\">Autobus<\/a><br \/><\/strong><\/span><\/span><\/div>\n<div>\u00a0<\/div>\n<div class=\"paragraph\" style=\"text-align: left;\"><span style=\"color: #666666; font-weight: 400;\"><span style=\"color: #999999; font-weight: 400;\"><strong><span style=\"color: #000000;\">en train :<\/span><\/strong><br \/><span style=\"color: #000000;\">\u00a0 \u00a0 &#8211; SNCF TER TGV Miarritzeko Geltokia<\/span><\/span><\/span><\/div>\n<div>\u00a0<\/div>\n<\/div>\n<\/div>\n<\/div>\n<\/div>\n<\/div>\n\n\n<figure class=\"wp-block-image size-full\"><img loading=\"lazy\" decoding=\"async\" width=\"1023\" height=\"624\" src=\"https:\/\/www.lurrama.org\/wp-content\/uploads\/2023\/10\/plan-acces.png\" alt=\"\" class=\"wp-image-955\" srcset=\"https:\/\/www.lurrama.org\/wp-content\/uploads\/2023\/10\/plan-acces.png 1023w, https:\/\/www.lurrama.org\/wp-content\/uploads\/2023\/10\/plan-acces-300x183.png 300w, https:\/\/www.lurrama.org\/wp-content\/uploads\/2023\/10\/plan-acces-768x468.png 768w\" sizes=\"auto, (max-width: 1023px) 100vw, 1023px\" \/><\/figure>\n","protected":false},"excerpt":{"rendered":"<p>DatesLurrama 2025 : du vendredi 7 novembre au dimanche 9 novembre LieuHalles d&rsquo;IratyRue Pitchot64200 Biarritz Pr\u00e9vente et prix repas :\u00a0&#8211; Vendredi midi pr\u00e9par\u00e9 par le Lyc\u00e9e H\u00f4telier de Garazi : 19 \u20ac\u00a0&#8211; Vendredi soir, repas r\u00e9gion invit\u00e9e:\u00a0 25\u20ac\u00a0&#8211; Samedi midi : 16\u20ac\u00a0&#8211; Samedi soir, zikiro : 25\u20ac\u00a0&#8211; Dimanche midi, repas des chefs : 34 \u20ac&hellip; <\/p>\n","protected":false},"author":1,"featured_media":0,"parent":0,"menu_order":0,"comment_status":"closed","ping_status":"closed","template":"","meta":{"footnotes":""},"categories":[63],"tags":[],"class_list":["post-22","page","type-page","status-publish","hentry","category-6_infos"],"_links":{"self":[{"href":"https:\/\/www.lurrama.org\/index.php\/wp-json\/wp\/v2\/pages\/22","targetHints":{"allow":["GET"]}}],"collection":[{"href":"https:\/\/www.lurrama.org\/index.php\/wp-json\/wp\/v2\/pages"}],"about":[{"href":"https:\/\/www.lurrama.org\/index.php\/wp-json\/wp\/v2\/types\/page"}],"author":[{"embeddable":true,"href":"https:\/\/www.lurrama.org\/index.php\/wp-json\/wp\/v2\/users\/1"}],"replies":[{"embeddable":true,"href":"https:\/\/www.lurrama.org\/index.php\/wp-json\/wp\/v2\/comments?post=22"}],"version-history":[{"count":23,"href":"https:\/\/www.lurrama.org\/index.php\/wp-json\/wp\/v2\/pages\/22\/revisions"}],"predecessor-version":[{"id":2225,"href":"https:\/\/www.lurrama.org\/index.php\/wp-json\/wp\/v2\/pages\/22\/revisions\/2225"}],"wp:attachment":[{"href":"https:\/\/www.lurrama.org\/index.php\/wp-json\/wp\/v2\/media?parent=22"}],"wp:term":[{"taxonomy":"category","embeddable":true,"href":"https:\/\/www.lurrama.org\/index.php\/wp-json\/wp\/v2\/categories?post=22"},{"taxonomy":"post_tag","embeddable":true,"href":"https:\/\/www.lurrama.org\/index.php\/wp-json\/wp\/v2\/tags?post=22"}],"curies":[{"name":"wp","href":"https:\/\/api.w.org\/{rel}","templated":true}]}}