{"id":2155,"date":"2025-10-18T12:00:19","date_gmt":"2025-10-18T10:00:19","guid":{"rendered":"https:\/\/www.lurrama.org\/?page_id=2155"},"modified":"2025-10-18T12:17:53","modified_gmt":"2025-10-18T10:17:53","slug":"evenements-particuliers","status":"publish","type":"page","link":"https:\/\/www.lurrama.org\/index.php\/fr\/evenements-particuliers\/","title":{"rendered":"\u00c9v\u00e8nements particuliers"},"content":{"rendered":"\n<ul class=\"wp-block-list\">\n<li><strong>Vendredi 7 \u00e0 11 h ; Hall 1 : <mark style=\"background-color:#00d084\" class=\"has-inline-color\">Inauguration<\/mark><\/strong>\n<ul class=\"wp-block-list\">\n<li>En pr\u00e9sence des \u00e9lus<\/li>\n\n\n\n<li>Interventions d\u2019<strong>Elena Aguerre<\/strong>&nbsp;et&nbsp;<strong>I\u00f1aki Intxausti<\/strong>, marraine et parrain de la 20\u00e8me \u00e9dition de Lurrama<\/li>\n<\/ul>\n<\/li>\n\n\n\n<li><strong>Vendredi 7 \u00e0 18h au Bar \u00e0 bi\u00e8res, Hall 2 : <mark style=\"background-color:#00d084\" class=\"has-inline-color\">lancement officiel de la marque Herriko Garagarnoa<\/mark><\/strong>\n<ul class=\"wp-block-list\">\n<li>pr\u00e9sentation de la fili\u00e8re 100% Iparralde<\/li>\n\n\n\n<li>Initiation \u00e0 la d\u00e9gustation de bi\u00e8re<\/li>\n<\/ul>\n<\/li>\n\n\n\n<li><strong>Vendredi 7 \u00e0 18h-19h30 au p\u00f4le v\u00e9g\u00e9tal : <mark style=\"background-color:#00d084\" class=\"has-inline-color\">Plazara<\/mark><\/strong>\n<ul class=\"wp-block-list\">\n<li>D\u00e9couverte de la langue basque pour les b\u00e9n\u00e9voles et le public de Lurrama<\/li>\n\n\n\n<li>Un atelier ludique et pratique sp\u00e9cial f\u00eates, pour apprendre \u00e0 servir \u00e0 boire et \u00e0 manger en euskara en 4 \u00e9tapes. Topa! &nbsp;<\/li>\n<\/ul>\n<\/li>\n\n\n\n<li><strong>Dimanche 9 \u00e0 10:30 : <mark style=\"background-color:#00d084\" class=\"has-inline-color\">Atelier d\u00e9gustation des AOP\u00a0du Pays Basque<\/mark><\/strong>\n<ul class=\"wp-block-list\">\n<li style=\"font-style:normal;font-weight:400\">D\u00e9couvrez les AOP du Pays Basque et le cidre du Pays Basque<\/li>\n\n\n\n<li style=\"font-style:normal;font-weight:400;text-decoration:underline\"><strong>sur inscription<\/strong>&nbsp;: <a href=\"mailto:lurrama@ehlgbai.org\">lurrama@ehlgbai.org<\/a><br><\/li>\n<\/ul>\n<\/li>\n<\/ul>\n\n\n\n<div class=\"wp-block-columns is-layout-flex wp-container-core-columns-is-layout-9d6595d7 wp-block-columns-is-layout-flex\">\n<div class=\"wp-block-column is-layout-flow wp-block-column-is-layout-flow\">\n<figure class=\"wp-block-image size-full is-resized\"><img loading=\"lazy\" decoding=\"async\" width=\"600\" height=\"311\" src=\"https:\/\/www.lurrama.org\/wp-content\/uploads\/2025\/08\/image.png\" alt=\"\" class=\"wp-image-1840\" style=\"width:331px;height:auto\" srcset=\"https:\/\/www.lurrama.org\/wp-content\/uploads\/2025\/08\/image.png 600w, https:\/\/www.lurrama.org\/wp-content\/uploads\/2025\/08\/image-300x156.png 300w\" sizes=\"auto, (max-width: 600px) 100vw, 600px\" \/><\/figure>\n<\/div>\n\n\n\n<div class=\"wp-block-column is-layout-flow wp-block-column-is-layout-flow\">\n<figure class=\"wp-block-image size-full is-resized\"><img loading=\"lazy\" decoding=\"async\" width=\"593\" height=\"362\" src=\"https:\/\/www.lurrama.org\/wp-content\/uploads\/2025\/10\/logo_euskal_sagarnoa.png\" alt=\"\" class=\"wp-image-2156\" style=\"width:202px;height:auto\" srcset=\"https:\/\/www.lurrama.org\/wp-content\/uploads\/2025\/10\/logo_euskal_sagarnoa.png 593w, https:\/\/www.lurrama.org\/wp-content\/uploads\/2025\/10\/logo_euskal_sagarnoa-300x183.png 300w\" sizes=\"auto, (max-width: 593px) 100vw, 593px\" \/><\/figure>\n<\/div>\n<\/div>\n\n\n\n<p><\/p>\n","protected":false},"excerpt":{"rendered":"","protected":false},"author":1,"featured_media":0,"parent":0,"menu_order":0,"comment_status":"closed","ping_status":"closed","template":"","meta":{"footnotes":""},"categories":[61],"tags":[],"class_list":["post-2155","page","type-page","status-publish","hentry","category-5_animations"],"_links":{"self":[{"href":"https:\/\/www.lurrama.org\/index.php\/wp-json\/wp\/v2\/pages\/2155","targetHints":{"allow":["GET"]}}],"collection":[{"href":"https:\/\/www.lurrama.org\/index.php\/wp-json\/wp\/v2\/pages"}],"about":[{"href":"https:\/\/www.lurrama.org\/index.php\/wp-json\/wp\/v2\/types\/page"}],"author":[{"embeddable":true,"href":"https:\/\/www.lurrama.org\/index.php\/wp-json\/wp\/v2\/users\/1"}],"replies":[{"embeddable":true,"href":"https:\/\/www.lurrama.org\/index.php\/wp-json\/wp\/v2\/comments?post=2155"}],"version-history":[{"count":3,"href":"https:\/\/www.lurrama.org\/index.php\/wp-json\/wp\/v2\/pages\/2155\/revisions"}],"predecessor-version":[{"id":2164,"href":"https:\/\/www.lurrama.org\/index.php\/wp-json\/wp\/v2\/pages\/2155\/revisions\/2164"}],"wp:attachment":[{"href":"https:\/\/www.lurrama.org\/index.php\/wp-json\/wp\/v2\/media?parent=2155"}],"wp:term":[{"taxonomy":"category","embeddable":true,"href":"https:\/\/www.lurrama.org\/index.php\/wp-json\/wp\/v2\/categories?post=2155"},{"taxonomy":"post_tag","embeddable":true,"href":"https:\/\/www.lurrama.org\/index.php\/wp-json\/wp\/v2\/tags?post=2155"}],"curies":[{"name":"wp","href":"https:\/\/api.w.org\/{rel}","templated":true}]}}