{"id":2102,"date":"2025-10-17T20:18:59","date_gmt":"2025-10-17T18:18:59","guid":{"rendered":"https:\/\/www.lurrama.org\/?page_id=2102"},"modified":"2025-10-17T21:55:22","modified_gmt":"2025-10-17T19:55:22","slug":"programme-conferences-2025","status":"publish","type":"page","link":"https:\/\/www.lurrama.org\/index.php\/fr\/programme-conferences-2025\/","title":{"rendered":"Programme conf\u00e9rences 2025"},"content":{"rendered":"\n<p class=\"has-text-align-center\"><em>Cliquez sur les titres pour une description des films et sujets de conf\u00e9rences<\/em><\/p>\n\n\n\n<h3 class=\"wp-block-heading\">JEUDI 6 NOVEMBRE<\/h3>\n\n\n\n<ul class=\"wp-block-list\">\n<li><strong>20H30 ESTIA \u2013 BIDART : Table ronde <\/strong><br>     <strong><mark style=\"background-color:#00d084\" class=\"has-inline-color\">\u00ab Quelle(s) strat\u00e9gie(s) d\u2019installation pour am\u00e9liorer la souverainet\u00e9 alimentaire du Pays Basque ? \u00bb<\/mark><\/strong>\n<ul class=\"wp-block-list\">\n<li>Intervenants : <strong>Jean Ren\u00e9 Etchegaray<\/strong>, pr\u00e9sident de la CAPB ; <strong>Oneka Zaballa<\/strong>, repr\u00e9sentante du Gouvernement Autonome d\u2019Euskadi&nbsp;; <strong>Joxe Mari Aierdi<\/strong>, Conseiller D\u00e9veloppement rural et Environnement du gouvernement de Navarre&nbsp;; <strong>Isabel Capdeville<\/strong>, pr\u00e9sidente Inter AMAP du Pays Basque et <strong>Intza Barandiaran<\/strong> de la coop\u00e9rative Biziola de Goierri.<\/li>\n<\/ul>\n<\/li>\n<\/ul>\n\n\n\n<h3 class=\"wp-block-heading\">VENDREDI 7 NOVEMBRE<\/h3>\n\n\n\n<ul class=\"wp-block-list\">\n<li><strong>11h \u2013 Hall 1 : <mark style=\"background-color:#00d084\" class=\"has-inline-color has-black-color\">Inauguration<\/mark><\/strong>\n<ul class=\"wp-block-list\">\n<li>En pr\u00e9sence des \u00e9lus<\/li>\n\n\n\n<li>Interventions d\u2019<strong>Elena Aguerre<\/strong> et <strong>I\u00f1aki Intxausti<\/strong>, marraine et parrain de la 20\u00e8me \u00e9dition de Lurrama<\/li>\n<\/ul>\n<\/li>\n\n\n\n<li><strong>17h, salle 1-2 : <a href=\"https:\/\/www.lurrama.org\/index.php\/fr\/themes-des-conferences-2025#AOP_maintien\" target=\"_blank\" rel=\"noreferrer noopener\"><mark style=\"background-color:#7bdcb5\" class=\"has-inline-color\">\u00ab Les AOPs, une garantie du maintien des paysans au Pays Basque \u00bb<\/mark><\/a><\/strong>\n<ul class=\"wp-block-list\">\n<li>Intervenants : <strong>Panpi Olaizola<\/strong> (AOP Piment d\u2019Espelette), <strong>Maritxu Lopepe<\/strong> (AOP Ossau Irati), <strong>Felix Ajuria<\/strong> (AOP Idiazabal), <strong>Olatz Mitxelena Garmendi<\/strong>a (Euskal Sagardoa, une future AOP) et <strong>Lorenzo Sarratea<\/strong> (AOP Roncal)<\/li>\n<\/ul>\n<\/li>\n\n\n\n<li><strong>17h, salle 3 : <a href=\"https:\/\/www.lurrama.org\/index.php\/themes-des-conferences-2025#installer_paysan\" target=\"_blank\" rel=\"noreferrer noopener\"><mark style=\"background-color:#7bdcb5\" class=\"has-inline-color\">\u00ab S\u2019installer paysan.nes en Pays Basque : des r\u00e9alit\u00e9s diff\u00e9rentes \u00bb<\/mark><\/a><\/strong>\n<ul class=\"wp-block-list\">\n<li>Intervenants : Avec les paysannes et paysans <strong>Elena Aguerre<\/strong> (Baxe-Nabarre), <strong>I\u00f1aki Intsaust<\/strong>i (Gipuzkoa), <strong>Aritz Ganboa<\/strong> (Nafarroa), <strong>Ainhoa Iturbe<\/strong> (Bizkaia) et <strong>Aitzol Hernandez<\/strong> (Araba)<\/li>\n<\/ul>\n<\/li>\n<\/ul>\n\n\n\n<h3 class=\"wp-block-heading\">SAMEDI 8 NOVEMBRE<\/h3>\n\n\n\n<ul class=\"wp-block-list\">\n<li><strong>11h, salle 1\u00a0: Film <strong><mark style=\"background-color:#7bdcb5\" class=\"has-inline-color\"><a href=\"https:\/\/www.visionsdureel.ch\/film\/2022\/foragers\/\" target=\"_blank\" rel=\"noreferrer noopener\">\u00ab <\/a><\/mark><\/strong><a href=\"https:\/\/www.visionsdureel.ch\/film\/2022\/foragers\/\" target=\"_blank\" rel=\"noreferrer noopener\"><mark style=\"background-color:#7bdcb5\" class=\"has-inline-color\">Foragers <strong>\u00bb<\/strong><\/mark><\/a><\/strong>\n<ul class=\"wp-block-list\">\n<li><em>Entrem\u00ealant documentaire et fiction, Foragers rend compte du conflit br\u00fblant entre la Direction de la Nature et des Parcs d\u2019Isra\u00ebl et des Palestinien\u00b7ne\u00b7s, cueilleur\u00b7euse\u00b7s de plantes sauvages<\/em>.<\/li>\n\n\n\n<li>de <strong>Jumana Manna<\/strong> (Palestine &#8211; 2022)<\/li>\n<\/ul>\n<\/li>\n\n\n\n<li><strong>11h, salle 2 : <a href=\"https:\/\/www.lurrama.org\/index.php\/fr\/themes-des-conferences-2025#defi_reconquete\" target=\"_blank\" rel=\"noreferrer noopener\"><mark style=\"background-color:#7bdcb5\" class=\"has-inline-color\">\u00ab Le d\u00e9fi de la reconqu\u00eate alimentaire au Pays Basque \u00bb<\/mark><\/a><\/strong>\n<ul class=\"wp-block-list\">\n<li>Intervenants : un repr\u00e9sentant de la CAPB, <strong>Livio Ribolisasco<\/strong> (Biharamunen Lantegia), <strong>Andoni Daguerre<\/strong> (mara\u00eecher), <strong>Tasio Erkizia<\/strong> (Errigora), <strong>David Zelaia<\/strong> (Bizkaia)<\/li>\n<\/ul>\n<\/li>\n\n\n\n<li><strong>15h, salle 1-2 : <a href=\"https:\/\/www.lurrama.org\/index.php\/fr\/themes-des-conferences-2025#apprendre_paysan\" target=\"_blank\" rel=\"noreferrer noopener\"><mark style=\"background-color:#7bdcb5\" class=\"has-inline-color\">\u00ab Comment apprend- t-on \u00e0 devenir paysan ? \u00bb<\/mark><\/a><\/strong>\n<ul class=\"wp-block-list\">\n<li>Intervenants : <strong>Pantxika Halsouet<\/strong> (CDFAA), <strong>H\u00e9l\u00e8ne Rolland<\/strong> (paysanne), <strong>I\u00f1aki Berhocoirigoien<\/strong> (paysan), <strong>Jean L\u00e9on Larroque<\/strong> (espace-test Trebatu) et <strong>I\u00f1igo Arruabarrena<\/strong> (espace-test Aleko)<\/li>\n<\/ul>\n<\/li>\n\n\n\n<li><strong>15h, salle 3 : <a href=\"https:\/\/www.lurrama.org\/index.php\/themes-des-conferences-2025#terre_outil\" target=\"_blank\" rel=\"noreferrer noopener\"><mark style=\"background-color:#7bdcb5\" class=\"has-inline-color\">\u00ab La terre, outil de travail des paysan.nes \u00bb<\/mark><\/a><\/strong>\n<ul class=\"wp-block-list\">\n<li>Intervenants : <strong>Leire Ibarretxe <\/strong>(Amullibi), <strong>Maryse Cachenaut <\/strong>(Lurzaindia), <strong>Peio Dufau <\/strong>(d\u00e9put\u00e9) et <strong>Quentin Rotonnelli<\/strong> (en recherche de foncier)<\/li>\n<\/ul>\n<\/li>\n\n\n\n<li><strong>17h, salle 2 : <a href=\"https:\/\/www.lurrama.org\/index.php\/fr\/themes-des-conferences-2025#bienetre_paysan\" target=\"_blank\" rel=\"noreferrer noopener\"><mark style=\"background-color:#7bdcb5\" class=\"has-inline-color\">\u00ab Le bien-\u00eatre paysan \u00bb<\/mark><\/a><\/strong>\n<ul class=\"wp-block-list\">\n<li>Intervenants : <strong>C\u00e9cile Monaco<\/strong> (association Sustengu), <strong>Marine Jaunarena <\/strong>(future paysanne, Basse-Navarre), <strong>Asier Ordo\u00f1o Daubagna <\/strong>(Paysan de Navarre), <strong>Miguel Arribas<\/strong> (Paysan de Gipuzkoa)<\/li>\n<\/ul>\n<\/li>\n\n\n\n<li><strong>17h, salle 2 : Film <a href=\"https:\/\/vimeo.com\/1076084557?fl=pl&amp;fe=sh\" target=\"_blank\" rel=\"noreferrer noopener\"><mark style=\"background-color:#7bdcb5\" class=\"has-inline-color\">\u00ab\u00a0Leurs champs du coeur\u00a0\u00bb<\/mark><\/a><\/strong>\n<ul class=\"wp-block-list\">\n<li><em>Un tour de France de 12 fermes qui ont choisi d&rsquo;adapter leurs pratiques aux grands enjeux de notre temps<\/em>.<\/li>\n\n\n\n<li>de <strong>Micka\u00ebl Denis-Shi<\/strong> (France &#8211; 2025)<\/li>\n<\/ul>\n<\/li>\n<\/ul>\n\n\n\n<p><\/p>\n","protected":false},"excerpt":{"rendered":"<p>Cliquez sur les titres pour une description des films et sujets de conf\u00e9rences JEUDI 6 NOVEMBRE VENDREDI 7 NOVEMBRE SAMEDI 8 NOVEMBRE<\/p>\n","protected":false},"author":1,"featured_media":0,"parent":0,"menu_order":0,"comment_status":"closed","ping_status":"closed","template":"","meta":{"footnotes":""},"categories":[53],"tags":[],"class_list":["post-2102","page","type-page","status-publish","hentry","category-3_conferences"],"_links":{"self":[{"href":"https:\/\/www.lurrama.org\/index.php\/wp-json\/wp\/v2\/pages\/2102","targetHints":{"allow":["GET"]}}],"collection":[{"href":"https:\/\/www.lurrama.org\/index.php\/wp-json\/wp\/v2\/pages"}],"about":[{"href":"https:\/\/www.lurrama.org\/index.php\/wp-json\/wp\/v2\/types\/page"}],"author":[{"embeddable":true,"href":"https:\/\/www.lurrama.org\/index.php\/wp-json\/wp\/v2\/users\/1"}],"replies":[{"embeddable":true,"href":"https:\/\/www.lurrama.org\/index.php\/wp-json\/wp\/v2\/comments?post=2102"}],"version-history":[{"count":13,"href":"https:\/\/www.lurrama.org\/index.php\/wp-json\/wp\/v2\/pages\/2102\/revisions"}],"predecessor-version":[{"id":2130,"href":"https:\/\/www.lurrama.org\/index.php\/wp-json\/wp\/v2\/pages\/2102\/revisions\/2130"}],"wp:attachment":[{"href":"https:\/\/www.lurrama.org\/index.php\/wp-json\/wp\/v2\/media?parent=2102"}],"wp:term":[{"taxonomy":"category","embeddable":true,"href":"https:\/\/www.lurrama.org\/index.php\/wp-json\/wp\/v2\/categories?post=2102"},{"taxonomy":"post_tag","embeddable":true,"href":"https:\/\/www.lurrama.org\/index.php\/wp-json\/wp\/v2\/tags?post=2102"}],"curies":[{"name":"wp","href":"https:\/\/api.w.org\/{rel}","templated":true}]}}