{"id":1825,"date":"2025-08-15T13:05:34","date_gmt":"2025-08-15T11:05:34","guid":{"rendered":"https:\/\/www.lurrama.org\/?page_id=1825"},"modified":"2025-08-15T13:43:32","modified_gmt":"2025-08-15T11:43:32","slug":"les-aop-a-lhonneur-pour-les-20-ans-de-lurrama","status":"publish","type":"page","link":"https:\/\/www.lurrama.org\/index.php\/fr\/les-aop-a-lhonneur-pour-les-20-ans-de-lurrama\/","title":{"rendered":"Les AOP \u00e0 l\u2019honneur pour les 20 ans de LURRAMA"},"content":{"rendered":"\n<div class=\"wp-block-columns is-layout-flex wp-container-core-columns-is-layout-9d6595d7 wp-block-columns-is-layout-flex\">\n<div class=\"wp-block-column is-layout-flow wp-block-column-is-layout-flow\" style=\"flex-basis:100%\"><div class=\"wp-block-image is-style-default\">\n<figure class=\"aligncenter size-full is-resized\"><img loading=\"lazy\" decoding=\"async\" width=\"600\" height=\"311\" src=\"https:\/\/www.lurrama.org\/wp-content\/uploads\/2025\/08\/image.png\" alt=\"\" class=\"wp-image-1840\" style=\"width:420px;height:auto\" srcset=\"https:\/\/www.lurrama.org\/wp-content\/uploads\/2025\/08\/image.png 600w, https:\/\/www.lurrama.org\/wp-content\/uploads\/2025\/08\/image-300x156.png 300w\" sizes=\"auto, (max-width: 600px) 100vw, 600px\" \/><\/figure>\n<\/div><\/div>\n<\/div>\n\n\n\n<p>La 20\u1d49 \u00e9dition de LURRAMA, c\u00e9l\u00e8bre ses deux d\u00e9cennies de promotion de l\u2019agriculture paysanne.<\/p>\n\n\n\n<p>Pour marquer cette c\u00e9l\u00e9bration, LURRAMA a choisi de mettre les AOP au c\u0153ur de son programme. En accueillant le Pays Basque comme r\u00e9gion invit\u00e9e, le salon souhaite cr\u00e9er une dynamique transfrontali\u00e8re autour des appellations, valorisant ainsi les quatre AOP embl\u00e9matiques du Pays Basque Nord tout en favorisant les \u00e9changes avec les AOP d\u2019Hegoalde.<\/p>\n\n\n\n<p>Cette initiative illustre l\u2019importance des AOP dans la pr\u00e9servation des savoir-faire locaux, la valorisation des terroirs et le renforcement des fili\u00e8res agricoles paysannes.<\/p>\n\n\n\n<p><\/p>\n","protected":false},"excerpt":{"rendered":"<p>La 20\u1d49 \u00e9dition de LURRAMA, c\u00e9l\u00e8bre ses deux d\u00e9cennies de promotion de l\u2019agriculture paysanne. Pour marquer cette c\u00e9l\u00e9bration, LURRAMA a choisi de mettre les AOP au c\u0153ur de son programme. En accueillant le Pays Basque comme r\u00e9gion invit\u00e9e, le salon souhaite cr\u00e9er une dynamique transfrontali\u00e8re autour des appellations, valorisant ainsi les quatre AOP embl\u00e9matiques du&hellip; <\/p>\n","protected":false},"author":1,"featured_media":0,"parent":0,"menu_order":0,"comment_status":"closed","ping_status":"closed","template":"","meta":{"footnotes":""},"categories":[],"tags":[],"class_list":["post-1825","page","type-page","status-publish","hentry"],"_links":{"self":[{"href":"https:\/\/www.lurrama.org\/index.php\/wp-json\/wp\/v2\/pages\/1825","targetHints":{"allow":["GET"]}}],"collection":[{"href":"https:\/\/www.lurrama.org\/index.php\/wp-json\/wp\/v2\/pages"}],"about":[{"href":"https:\/\/www.lurrama.org\/index.php\/wp-json\/wp\/v2\/types\/page"}],"author":[{"embeddable":true,"href":"https:\/\/www.lurrama.org\/index.php\/wp-json\/wp\/v2\/users\/1"}],"replies":[{"embeddable":true,"href":"https:\/\/www.lurrama.org\/index.php\/wp-json\/wp\/v2\/comments?post=1825"}],"version-history":[{"count":2,"href":"https:\/\/www.lurrama.org\/index.php\/wp-json\/wp\/v2\/pages\/1825\/revisions"}],"predecessor-version":[{"id":1841,"href":"https:\/\/www.lurrama.org\/index.php\/wp-json\/wp\/v2\/pages\/1825\/revisions\/1841"}],"wp:attachment":[{"href":"https:\/\/www.lurrama.org\/index.php\/wp-json\/wp\/v2\/media?parent=1825"}],"wp:term":[{"taxonomy":"category","embeddable":true,"href":"https:\/\/www.lurrama.org\/index.php\/wp-json\/wp\/v2\/categories?post=1825"},{"taxonomy":"post_tag","embeddable":true,"href":"https:\/\/www.lurrama.org\/index.php\/wp-json\/wp\/v2\/tags?post=1825"}],"curies":[{"name":"wp","href":"https:\/\/api.w.org\/{rel}","templated":true}]}}