{"id":1794,"date":"2025-08-15T12:10:52","date_gmt":"2025-08-15T10:10:52","guid":{"rendered":"https:\/\/www.lurrama.org\/?page_id=1794"},"modified":"2025-10-17T22:01:26","modified_gmt":"2025-10-17T20:01:26","slug":"themes-des-conferences-2025","status":"publish","type":"page","link":"https:\/\/www.lurrama.org\/index.php\/fr\/themes-des-conferences-2025\/","title":{"rendered":"Th\u00e8mes des conf\u00e9rences 2025"},"content":{"rendered":"\n<p>Le renouvellement des g\u00e9n\u00e9rations est une priorit\u00e9 constante pour les structures qui \u0153uvrent en faveur de l\u2019agriculture paysanne, comme EHLG.<br>Si la dynamique actuelle, avec environ 90 installations par an au Pays Basque soit 1 \u00e0 2 installations pour 3 d\u00e9parts, peut sembler encourageante, elle masque une r\u00e9alit\u00e9 plus pr\u00e9occupante. Plus de 50 % des paysan.nes de plus de 50 ans n\u2019ont aucune perspective claire de transmission de leur ferme.<br>L&rsquo;agriculture paysanne au Pays Basque avec ses AOP et ses produits de qualit\u00e9 rend notre m\u00e9tier attractif et incite nos enfants \u00e0 reprendre nos fermes.<\/p>\n\n\n\n<div style=\"height:117px\" aria-hidden=\"true\" id=\"AOP_maintien\" class=\"wp-block-spacer\"><\/div>\n\n\n\n<ul class=\"wp-block-list\">\n<li id=\"AOP_maintien\"><strong>\u00ab&nbsp;Les AOPs une garantie du maintien des paysans au Pays Basque&nbsp;\u00bb<\/strong><\/li>\n<\/ul>\n\n\n\n<p>Les AOPs sont un signe officiel public de qualit\u00e9, reconnues au niveau Europ\u00e9en et dans les n\u00e9gociations internationales. Elles se diff\u00e9rencient des politiques de marque qui sont celles de la loi du plus fort.<br>Elles permettent aux plus faibles \u00e9conomiquement d\u2019acc\u00e9der collectivement \u00e0 une certaine notori\u00e9t\u00e9 et \u00e0 une protection juridique tr\u00e8s importante. Elles fixent les productions sur un terroir et sont par essence non-delocalissables. Elles sont garanties par un cahier des charges qui sont des r\u00e8gles communes \u00e0 tous les acteurs de la fili\u00e8re, chacun dans leur domaine d\u2019intervention, pour y avoir droit. Dans des territoires difficiles, il s\u2019agit plus d\u2019un cahier des chances que d\u2019un cahier des charges.<\/p>\n\n\n\n<p>A l\u2019heure de l\u2019\u00e9volution des conditions climatiques, comment faire \u00e9voluer les cahiers des charges pour s\u2019assurer de leur p\u00e9rennit\u00e9 ?<\/p>\n\n\n<div class=\"wp-block-image\">\n<figure class=\"aligncenter size-full\"><img loading=\"lazy\" decoding=\"async\" width=\"600\" height=\"311\" src=\"https:\/\/www.lurrama.org\/wp-content\/uploads\/2025\/08\/image.png\" alt=\"\" class=\"wp-image-1840\" srcset=\"https:\/\/www.lurrama.org\/wp-content\/uploads\/2025\/08\/image.png 600w, https:\/\/www.lurrama.org\/wp-content\/uploads\/2025\/08\/image-300x156.png 300w\" sizes=\"auto, (max-width: 600px) 100vw, 600px\" \/><\/figure>\n<\/div>\n\n\n<div style=\"height:114px\" aria-hidden=\"true\" id=\"installer_paysan\" class=\"wp-block-spacer\"><\/div>\n\n\n\n<ul class=\"wp-block-list\">\n<li><strong>\u00ab\u00a0S\u2019installer paysan.nes en Pays Basque : des r\u00e9alit\u00e9s diff\u00e9rentes\u00a0\u00bb<\/strong><\/li>\n<\/ul>\n\n\n\n<p>L\u2019agriculture est (ou a \u00e9t\u00e9) une activit\u00e9 importante en Pays Basque. Importante au niveau \u00e9conomique, culturel, mais aussi en termes d&rsquo;occupation de l&rsquo;espace et donc de paysages, biodiversit\u00e9 ou qualit\u00e9 de l&rsquo;eau&#8230;<\/p>\n\n\n\n<p>Au niveau europ\u00e9en, le Pays Basque Nord est l&rsquo;un des territoires avec le plus fort taux d&rsquo;installation de paysan.nes. La situation est diff\u00e9rente en Pays Basque Sud : l&rsquo;industrialisation des vall\u00e9es, avec une offre d&#8217;emplois salari\u00e9s importante, y a entra\u00een\u00e9 une forte diminution du nombre de paysan.nes. L&rsquo;histoire diff\u00e8re \u00e9galement en ce qui concerne les moyens de d\u00e9cisions territoriaux. Si l&rsquo;essentiel des politiques agricoles publiques se d\u00e9cide au niveau europ\u00e9en, les administrations locales (Communaut\u00e9 autonome basque et gouvernement de Navarre) du Pays Basque Sud ont des pouvoirs de d\u00e9cision et financiers qui n&rsquo;ont pas d&rsquo;\u00e9quivalent en Pays Basque Nord.<\/p>\n\n\n\n<p>S&rsquo;installer paysan.ne en Pays Basque peut donc se faire dans des contextes vari\u00e9s, avec des outils diff\u00e9rents. Le partage des m\u00e9thodes mises en \u0153uvre, des exp\u00e9riences v\u00e9cues doit aider \u00e0 renforcer le renouveau des g\u00e9n\u00e9rations paysan.nes en Pays Basque.<\/p>\n\n\n<div class=\"wp-block-image\">\n<figure class=\"aligncenter size-full\"><img loading=\"lazy\" decoding=\"async\" width=\"1024\" height=\"491\" src=\"https:\/\/www.lurrama.org\/wp-content\/uploads\/2025\/08\/1012050Biperbiltze.jpg\" alt=\"\" class=\"wp-image-1844\" srcset=\"https:\/\/www.lurrama.org\/wp-content\/uploads\/2025\/08\/1012050Biperbiltze.jpg 1024w, https:\/\/www.lurrama.org\/wp-content\/uploads\/2025\/08\/1012050Biperbiltze-300x144.jpg 300w, https:\/\/www.lurrama.org\/wp-content\/uploads\/2025\/08\/1012050Biperbiltze-768x368.jpg 768w\" sizes=\"auto, (max-width: 1024px) 100vw, 1024px\" \/><\/figure>\n<\/div>\n\n\n<div style=\"height:114px\" aria-hidden=\"true\" id=\"defi_reconquete\" class=\"wp-block-spacer\"><\/div>\n\n\n\n<ul class=\"wp-block-list\">\n<li id=\"reconquete_alimentaire\"><em><strong>\u00abLe d\u00e9fi de la reconqu\u00eate <\/strong><\/em><strong>alimentaire <\/strong><em><strong>au Pays Basque \u00bb<\/strong><\/em><\/li>\n<\/ul>\n\n\n\n<p>Depuis sa cr\u00e9ation, EHLG s\u2019engage au quotidien pour le d\u00e9veloppement d\u2019une agriculture paysanne durable et la relocalisation des productions alimentaires, \u00e0 travers notamment les fili\u00e8res Herriko (Ogia, Haragia, etc.). La crise sanitaire de 2020 a soulign\u00e9, avec force, l\u2019importance d\u2019une alimentation locale, r\u00e9siliente, et l\u2019efficacit\u00e9 des circuits courts pour r\u00e9pondre aux besoins essentiels des habitants en p\u00e9riode de crise.<\/p>\n\n\n\n<p>Aujourd\u2019hui, le Pays Basque reste d\u00e9s\u00e9quilibr\u00e9 : trop centr\u00e9 sur l\u2019\u00e9levage, il manque de productions v\u00e9g\u00e9tales. Sans remettre en cause la vocation historique d\u2019\u00e9levage du territoire, il devient indispensable de diversifier les productions pour construire une agriculture plus compl\u00e9mentaire, autonome et r\u00e9siliente.<\/p>\n\n\n\n<p>R\u00e9pondre aux besoins alimentaires du territoire exige une vision agricole coh\u00e9rente, structur\u00e9e et durable. Cela suppose un engagement politique fort pour accompagner les initiatives en faveur du d\u00e9veloppement des cultures v\u00e9g\u00e9tales, indispensables \u00e0 l\u2019\u00e9quilibre du syst\u00e8me alimentaire local et \u00e0 la souverainet\u00e9 du Pays Basque.<\/p>\n\n\n<div class=\"wp-block-image\">\n<figure class=\"aligncenter size-full is-resized\"><img loading=\"lazy\" decoding=\"async\" width=\"433\" height=\"160\" src=\"https:\/\/www.lurrama.org\/wp-content\/uploads\/2023\/06\/AfficheLurramalregumes1.jpg\" alt=\"\" class=\"wp-image-477\" style=\"width:601px;height:auto\" srcset=\"https:\/\/www.lurrama.org\/wp-content\/uploads\/2023\/06\/AfficheLurramalregumes1.jpg 433w, https:\/\/www.lurrama.org\/wp-content\/uploads\/2023\/06\/AfficheLurramalregumes1-300x111.jpg 300w\" sizes=\"auto, (max-width: 433px) 100vw, 433px\" \/><\/figure>\n<\/div>\n\n\n<div style=\"height:117px\" aria-hidden=\"true\" id=\"apprendre_paysan\" class=\"wp-block-spacer\"><\/div>\n\n\n\n<ul class=\"wp-block-list\">\n<li id=\"apprendre_paysan\"><strong>\u00ab&nbsp;Comment apprend-t-on a devenir paysan&nbsp;?&nbsp;\u00bb<\/strong><\/li>\n<\/ul>\n\n\n\n<p>La formation pour devenir paysan se fait bien souvent dans un cadre familial, au contact des a\u00een\u00e9s et par la transmission de savoir-faire de g\u00e9n\u00e9ration en g\u00e9n\u00e9ration.<\/p>\n\n\n\n<p>De plus en plus de porteurs et porteuses de projets, issus d\u2019autres horizons que le monde agricole, souhaitent aujourd\u2019hui s\u2019installer en Euskal Herria. Ils repr\u00e9sentent d\u00e9sormais pr\u00e8s de 20 % des nouvelles installations.<br>La r\u00e9ussite de leur projet d\u00e9pend aussi de l&rsquo;int\u00e9gration au territoire que nous leur offrons. Les accompagner est un enjeu fondamental : dans l\u2019acc\u00e8s au foncier, \u00e0 une ferme, mais aussi dans leur formation, \u00e0 travers des dispositifs comme TREBATU et leur int\u00e9gration dans les dynamiques territoriales.<\/p>\n\n\n\n<p>C\u2019est aussi \u00e0 la communaut\u00e9 paysanne de leur offrir un accueil solide, ancr\u00e9 dans des valeurs de solidarit\u00e9, de transmission et de lien au territoire.<\/p>\n\n\n<div class=\"wp-block-image\">\n<figure class=\"aligncenter size-full\"><img loading=\"lazy\" decoding=\"async\" width=\"1024\" height=\"681\" src=\"https:\/\/www.lurrama.org\/wp-content\/uploads\/2025\/08\/1015006Ardideiztea.jpg\" alt=\"\" class=\"wp-image-1845\" srcset=\"https:\/\/www.lurrama.org\/wp-content\/uploads\/2025\/08\/1015006Ardideiztea.jpg 1024w, https:\/\/www.lurrama.org\/wp-content\/uploads\/2025\/08\/1015006Ardideiztea-300x200.jpg 300w, https:\/\/www.lurrama.org\/wp-content\/uploads\/2025\/08\/1015006Ardideiztea-768x511.jpg 768w\" sizes=\"auto, (max-width: 1024px) 100vw, 1024px\" \/><\/figure>\n<\/div>\n\n\n<div style=\"height:114px\" aria-hidden=\"true\" id=\"terre_outil\" class=\"wp-block-spacer\"><\/div>\n\n\n\n<ul class=\"wp-block-list\">\n<li><strong>\u00ab&nbsp;La terre, outil de travail des paysan.nes&nbsp;\u00bb<\/strong><\/li>\n<\/ul>\n\n\n\n<p>Le Pays Basque a toujours eu une forte tradition agricole, des deux c\u00f4t\u00e9s de la Bidasoa.<br>La terre, pilier de toute activit\u00e9 paysanne, occupe une place essentielle dans la culture basque. Qu\u2019elle soit exploit\u00e9e en m\u00e9tayage, fermage ou en propri\u00e9t\u00e9 priv\u00e9e ou collective, la terre a travers\u00e9 les g\u00e9n\u00e9rations en gardant son r\u00f4le nourricier. Elle est intimement li\u00e9e \u00e0 la maison et \u00e0 la famille qui la cultive, portant souvent le nom de la ferme.<\/p>\n\n\n\n<p>Aujourd\u2019hui, la terre subit les pressions d\u2019un monde de plus en plus d\u00e9connect\u00e9 de ses racines agricoles : flamb\u00e9e du foncier, artificialisation des sols, d\u00e9tournement de sa vocation nourrici\u00e8re au profit de l\u2019\u00e9nergie (photovolta\u00efque, m\u00e9thanisation).<\/p>\n\n\n\n<p>Le Pays Basque Sud a particuli\u00e8rement souffert de ce contexte, avec une forte disparition de petites fermes au profit de grandes exploitations. La sp\u00e9culation immobili\u00e8re freine aussi l\u2019acc\u00e8s \u00e0 la terre pour les paysans, souvent au b\u00e9n\u00e9fice d\u2019extensions d\u2019exploitations existantes.<\/p>\n\n\n\n<p>Des outils existent pour enrayer cette tendance. Au Nord, Lurzaindia et la Safer \u0153uvrent pour pr\u00e9server le foncier paysan. Au Sud, des initiatives comme Amillubi cherchent \u00e0 faire de la terre un bien collectif. Le d\u00e9veloppement de logements l\u00e9gers facilite aussi l\u2019installation sur de petites fermes.<br>Apr\u00e8s avoir \u00e9t\u00e9 malmen\u00e9e par des pratiques agricoles destructrices, la terre retrouve aujourd\u2019hui tout son sens gr\u00e2ce \u00e0 l\u2019agro\u00e9cologie. Elle reste et restera la base de la paysannerie.<\/p>\n\n\n<div class=\"wp-block-image\">\n<figure class=\"aligncenter size-full\"><img loading=\"lazy\" decoding=\"async\" width=\"1024\" height=\"570\" src=\"https:\/\/www.lurrama.org\/wp-content\/uploads\/2025\/08\/1019766Iratzetan.jpg\" alt=\"\" class=\"wp-image-1849\" srcset=\"https:\/\/www.lurrama.org\/wp-content\/uploads\/2025\/08\/1019766Iratzetan.jpg 1024w, https:\/\/www.lurrama.org\/wp-content\/uploads\/2025\/08\/1019766Iratzetan-300x167.jpg 300w, https:\/\/www.lurrama.org\/wp-content\/uploads\/2025\/08\/1019766Iratzetan-768x428.jpg 768w\" sizes=\"auto, (max-width: 1024px) 100vw, 1024px\" \/><\/figure>\n<\/div>\n\n\n<div style=\"height:120px\" aria-hidden=\"true\" id=\"bienetre_paysan\" class=\"wp-block-spacer\"><\/div>\n\n\n\n<ul class=\"wp-block-list\">\n<li id=\"bienetre_paysan\"><strong>\u00ab&nbsp;Le Bien-Etre paysan&nbsp;\u00bb<\/strong><\/li>\n<\/ul>\n\n\n\n<p>Avec 50 % des paysans qui vont partir \u00e0 la retraite dans les 5 ans \u00e0 venir, le renouvellement des g\u00e9n\u00e9rations est un d\u00e9fi majeur. Cette probl\u00e9matique d\u00e9passe le cadre du monde agricole car l\u2019agriculture a un impact plus large que la production de denr\u00e9es alimentaires.<\/p>\n\n\n\n<p>Des paysan.ne.s nombreux.ses, c\u2019est l\u2019assurance d\u2019un territoire dynamique au niveau \u00e9conomique et social : en Navarre, l\u2019initiative Errigora en est l\u2019illustration.<br>La culture s\u2019est aussi impr\u00e9gn\u00e9e de l\u2019importance de la paysannerie dans la soci\u00e9t\u00e9, avec par exemple en Soule les mascarades qui incluent les personnages de Laboraria et Laborarisa.<\/p>\n\n\n\n<p>Pour installer davantage de paysan.ne.s, il est n\u00e9cessaire de rendre le m\u00e9tier plus attractif. Les conditions de travail, souvent consid\u00e9r\u00e9es comme difficiles (des journ\u00e9es tr\u00e8s longues, sans week-end, ni vacances), peuvent freiner des vocations.<br>Il est int\u00e9ressant d\u2019aborder les solutions mises en place par plusieurs paysan.ne.s afin de se lib\u00e9rer du temps, ces solutions pouvant \u00eatre techniques et\/ou organisationnelles (entraide, service de remplacement, embauche collective d\u2019un salari\u00e9 etc.).<\/p>\n\n\n\n<figure class=\"wp-block-image size-full\"><img loading=\"lazy\" decoding=\"async\" width=\"2000\" height=\"1196\" src=\"https:\/\/www.lurrama.org\/wp-content\/uploads\/2025\/08\/cropped-1984370278.jpg\" alt=\"\" class=\"wp-image-1851\" srcset=\"https:\/\/www.lurrama.org\/wp-content\/uploads\/2025\/08\/cropped-1984370278.jpg 2000w, https:\/\/www.lurrama.org\/wp-content\/uploads\/2025\/08\/cropped-1984370278-300x179.jpg 300w, https:\/\/www.lurrama.org\/wp-content\/uploads\/2025\/08\/cropped-1984370278-1024x612.jpg 1024w, https:\/\/www.lurrama.org\/wp-content\/uploads\/2025\/08\/cropped-1984370278-768x459.jpg 768w, https:\/\/www.lurrama.org\/wp-content\/uploads\/2025\/08\/cropped-1984370278-1536x919.jpg 1536w\" sizes=\"auto, (max-width: 2000px) 100vw, 2000px\" \/><\/figure>\n","protected":false},"excerpt":{"rendered":"<p>Le renouvellement des g\u00e9n\u00e9rations est une priorit\u00e9 constante pour les structures qui \u0153uvrent en faveur de l\u2019agriculture paysanne, comme EHLG.Si la dynamique actuelle, avec environ 90 installations par an au Pays Basque soit 1 \u00e0 2 installations pour 3 d\u00e9parts, peut sembler encourageante, elle masque une r\u00e9alit\u00e9 plus pr\u00e9occupante. Plus de 50 % des paysan.nes&hellip; <\/p>\n","protected":false},"author":1,"featured_media":0,"parent":0,"menu_order":0,"comment_status":"closed","ping_status":"closed","template":"","meta":{"footnotes":""},"categories":[],"tags":[],"class_list":["post-1794","page","type-page","status-publish","hentry"],"_links":{"self":[{"href":"https:\/\/www.lurrama.org\/index.php\/wp-json\/wp\/v2\/pages\/1794","targetHints":{"allow":["GET"]}}],"collection":[{"href":"https:\/\/www.lurrama.org\/index.php\/wp-json\/wp\/v2\/pages"}],"about":[{"href":"https:\/\/www.lurrama.org\/index.php\/wp-json\/wp\/v2\/types\/page"}],"author":[{"embeddable":true,"href":"https:\/\/www.lurrama.org\/index.php\/wp-json\/wp\/v2\/users\/1"}],"replies":[{"embeddable":true,"href":"https:\/\/www.lurrama.org\/index.php\/wp-json\/wp\/v2\/comments?post=1794"}],"version-history":[{"count":17,"href":"https:\/\/www.lurrama.org\/index.php\/wp-json\/wp\/v2\/pages\/1794\/revisions"}],"predecessor-version":[{"id":2131,"href":"https:\/\/www.lurrama.org\/index.php\/wp-json\/wp\/v2\/pages\/1794\/revisions\/2131"}],"wp:attachment":[{"href":"https:\/\/www.lurrama.org\/index.php\/wp-json\/wp\/v2\/media?parent=1794"}],"wp:term":[{"taxonomy":"category","embeddable":true,"href":"https:\/\/www.lurrama.org\/index.php\/wp-json\/wp\/v2\/categories?post=1794"},{"taxonomy":"post_tag","embeddable":true,"href":"https:\/\/www.lurrama.org\/index.php\/wp-json\/wp\/v2\/tags?post=1794"}],"curies":[{"name":"wp","href":"https:\/\/api.w.org\/{rel}","templated":true}]}}