{"id":1639,"date":"2025-05-14T21:59:51","date_gmt":"2025-05-14T19:59:51","guid":{"rendered":"https:\/\/www.lurrama.org\/?page_id=1639"},"modified":"2025-10-15T23:06:36","modified_gmt":"2025-10-15T21:06:36","slug":"lurrama-2025","status":"publish","type":"page","link":"https:\/\/www.lurrama.org\/index.php\/fr\/lurrama-2025\/","title":{"rendered":"LURRAMA 2025"},"content":{"rendered":"\n<div class=\"wp-block-media-text is-stacked-on-mobile\"><figure class=\"wp-block-media-text__media\"><img loading=\"lazy\" decoding=\"async\" width=\"724\" height=\"1024\" src=\"https:\/\/www.lurrama.org\/wp-content\/uploads\/2025\/07\/LURRAMA_portrait_web-724x1024.jpg\" alt=\"\" class=\"wp-image-1684 size-full\" srcset=\"https:\/\/www.lurrama.org\/wp-content\/uploads\/2025\/07\/LURRAMA_portrait_web-724x1024.jpg 724w, https:\/\/www.lurrama.org\/wp-content\/uploads\/2025\/07\/LURRAMA_portrait_web-212x300.jpg 212w, https:\/\/www.lurrama.org\/wp-content\/uploads\/2025\/07\/LURRAMA_portrait_web-768x1087.jpg 768w, https:\/\/www.lurrama.org\/wp-content\/uploads\/2025\/07\/LURRAMA_portrait_web.jpg 1060w\" sizes=\"auto, (max-width: 724px) 100vw, 724px\" \/><\/figure><div class=\"wp-block-media-text__content\">\n<p class=\"has-text-align-center has-white-color has-vivid-red-background-color has-text-color has-background has-link-color has-medium-font-size wp-elements-b94d06bad98ca9e9e422f382eddb9dba\"><strong><em>C&rsquo;est la 20<sup>\u00e8me<\/sup> \u00e9dition de Lurrama !!!<\/em><\/strong><\/p>\n\n\n\n<div style=\"height:100px\" aria-hidden=\"true\" class=\"wp-block-spacer\"><\/div>\n\n\n\n<ul class=\"wp-block-list\">\n<li class=\"has-medium-font-size\"><strong>Dates <\/strong>: 7-8-9 novembre 2025<\/li>\n\n\n\n<li class=\"has-medium-font-size\"><strong>Lieu <\/strong>: Halle d&rsquo;Iraty, Biarritz<\/li>\n\n\n\n<li class=\"has-medium-font-size\"><strong>Th\u00e8me <\/strong>: \u00ab\u00a0Paysan.nes de demain\u00a0\u00bb<\/li>\n\n\n\n<li class=\"has-medium-font-size\"><strong>R\u00e9gion invit\u00e9e<\/strong> : Pays basque &#8211; les 7 provinces<\/li>\n\n\n\n<li class=\"has-medium-font-size\"><strong>Marraine<\/strong> : Elena Aguerre \/ <strong>Parrain <\/strong>: I\u00f1aki Intxausti<\/li>\n<\/ul>\n<\/div><\/div>\n\n\n\n<div style=\"height:31px\" aria-hidden=\"true\" class=\"wp-block-spacer\"><\/div>\n\n\n\n<p class=\"has-medium-font-size\"><strong>LURRAMA<\/strong>, le salon de l\u2019agriculture paysanne, f\u00eatera en 2025 sa 20e \u00e9dition.<br>Un rendez-vous incontournable, port\u00e9 avec conviction par Euskal Herriko Laborantza Ganbara (<strong>EHLG<\/strong>), pour faire vivre et promouvoir une agriculture paysanne, locale, solidaire et durable.<br>Le nom Lurrama vient du basque \u00ab\u00a0Lurra\u00a0\u00bb qui signifie \u00ab\u00a0la terre\u00a0\u00bb et \u00ab\u00a0Ama\u00a0\u00bb, \u00ab\u00a0la m\u00e8re\u201d : une mani\u00e8re de rappeler notre attachement profond \u00e0 une agriculture nourrici\u00e8re, respectueuse de la nature et des humains.<\/p>\n\n\n\n<div class=\"wp-block-columns is-layout-flex wp-container-core-columns-is-layout-9d6595d7 wp-block-columns-is-layout-flex\">\n<div class=\"wp-block-column is-layout-flow wp-block-column-is-layout-flow\"><div class=\"wp-block-image\">\n<figure class=\"alignright size-large is-resized\"><img loading=\"lazy\" decoding=\"async\" width=\"819\" height=\"1024\" src=\"https:\/\/www.lurrama.org\/wp-content\/uploads\/2025\/10\/kakiversoweb-819x1024.jpg\" alt=\"\" class=\"wp-image-2013\" style=\"width:164px;height:auto\" srcset=\"https:\/\/www.lurrama.org\/wp-content\/uploads\/2025\/10\/kakiversoweb-819x1024.jpg 819w, https:\/\/www.lurrama.org\/wp-content\/uploads\/2025\/10\/kakiversoweb-240x300.jpg 240w, https:\/\/www.lurrama.org\/wp-content\/uploads\/2025\/10\/kakiversoweb-768x960.jpg 768w, https:\/\/www.lurrama.org\/wp-content\/uploads\/2025\/10\/kakiversoweb.jpg 900w\" sizes=\"auto, (max-width: 819px) 100vw, 819px\" \/><\/figure>\n<\/div><\/div>\n\n\n\n<div class=\"wp-block-column is-layout-flow wp-block-column-is-layout-flow\"><div class=\"wp-block-image\">\n<figure class=\"alignright size-large is-resized\"><img loading=\"lazy\" decoding=\"async\" width=\"819\" height=\"1024\" src=\"https:\/\/www.lurrama.org\/wp-content\/uploads\/2025\/10\/IVOIRE_VERSOweb-819x1024.jpg\" alt=\"\" class=\"wp-image-2012\" style=\"width:162px;height:auto\" srcset=\"https:\/\/www.lurrama.org\/wp-content\/uploads\/2025\/10\/IVOIRE_VERSOweb-819x1024.jpg 819w, https:\/\/www.lurrama.org\/wp-content\/uploads\/2025\/10\/IVOIRE_VERSOweb-240x300.jpg 240w, https:\/\/www.lurrama.org\/wp-content\/uploads\/2025\/10\/IVOIRE_VERSOweb-768x960.jpg 768w, https:\/\/www.lurrama.org\/wp-content\/uploads\/2025\/10\/IVOIRE_VERSOweb.jpg 900w\" sizes=\"auto, (max-width: 819px) 100vw, 819px\" \/><\/figure>\n<\/div><\/div>\n<\/div>\n\n\n\n<p class=\"has-text-align-center has-white-color has-vivid-green-cyan-background-color has-text-color has-background has-link-color has-medium-font-size wp-elements-bf6c46df05ebd57e8df9e47c71015202\">Les TEE-SHIRTS et TOTEBAGS seront EN VENTE pendant LURRAMA<\/p>\n","protected":false},"excerpt":{"rendered":"<p>LURRAMA, le salon de l\u2019agriculture paysanne, f\u00eatera en 2025 sa 20e \u00e9dition.Un rendez-vous incontournable, port\u00e9 avec conviction par Euskal Herriko Laborantza Ganbara (EHLG), pour faire vivre et promouvoir une agriculture paysanne, locale, solidaire et durable.Le nom Lurrama vient du basque \u00ab\u00a0Lurra\u00a0\u00bb qui signifie \u00ab\u00a0la terre\u00a0\u00bb et \u00ab\u00a0Ama\u00a0\u00bb, \u00ab\u00a0la m\u00e8re\u201d : une mani\u00e8re de rappeler notre&hellip; <\/p>\n","protected":false},"author":1,"featured_media":0,"parent":0,"menu_order":0,"comment_status":"closed","ping_status":"closed","template":"","meta":{"footnotes":""},"categories":[45],"tags":[],"class_list":["post-1639","page","type-page","status-publish","hentry","category-1_lurrama_fr"],"_links":{"self":[{"href":"https:\/\/www.lurrama.org\/index.php\/wp-json\/wp\/v2\/pages\/1639","targetHints":{"allow":["GET"]}}],"collection":[{"href":"https:\/\/www.lurrama.org\/index.php\/wp-json\/wp\/v2\/pages"}],"about":[{"href":"https:\/\/www.lurrama.org\/index.php\/wp-json\/wp\/v2\/types\/page"}],"author":[{"embeddable":true,"href":"https:\/\/www.lurrama.org\/index.php\/wp-json\/wp\/v2\/users\/1"}],"replies":[{"embeddable":true,"href":"https:\/\/www.lurrama.org\/index.php\/wp-json\/wp\/v2\/comments?post=1639"}],"version-history":[{"count":17,"href":"https:\/\/www.lurrama.org\/index.php\/wp-json\/wp\/v2\/pages\/1639\/revisions"}],"predecessor-version":[{"id":2083,"href":"https:\/\/www.lurrama.org\/index.php\/wp-json\/wp\/v2\/pages\/1639\/revisions\/2083"}],"wp:attachment":[{"href":"https:\/\/www.lurrama.org\/index.php\/wp-json\/wp\/v2\/media?parent=1639"}],"wp:term":[{"taxonomy":"category","embeddable":true,"href":"https:\/\/www.lurrama.org\/index.php\/wp-json\/wp\/v2\/categories?post=1639"},{"taxonomy":"post_tag","embeddable":true,"href":"https:\/\/www.lurrama.org\/index.php\/wp-json\/wp\/v2\/tags?post=1639"}],"curies":[{"name":"wp","href":"https:\/\/api.w.org\/{rel}","templated":true}]}}